{"id":164,"date":"2021-07-28T10:00:12","date_gmt":"2021-07-28T10:00:12","guid":{"rendered":"https:\/\/ihahatherapy.com\/?page_id=164"},"modified":"2023-02-01T21:38:35","modified_gmt":"2023-02-01T21:38:35","slug":"hipoterapia","status":"publish","type":"page","link":"https:\/\/ihahatherapy.com\/index.php\/hipoterapia\/","title":{"rendered":""},"content":{"rendered":"\n<p><\/p>\n\n\n\n<p><\/p>\n\n\n\n<h3 class=\"has-text-align-left wp-block-heading\">to ko\u0144 czyni wszystko \u0142atwiejszym\u2026<\/h3>\n\n\n\n<p><\/p>\n\n\n\n<div class=\"wp-block-columns is-layout-flex wp-container-core-columns-is-layout-1 wp-block-columns-is-layout-flex\">\n<div class=\"wp-block-column is-layout-flow wp-block-column-is-layout-flow\" style=\"flex-basis:66.66%\">\n<p><meta charset=\"utf-8\">Konie to bardzo wra\u017cliwe i empatyczne zwierz\u0119ta. Potrafi\u0105 nawi\u0105za\u0107 unikaln\u0105 relacj\u0119 i zarazi\u0107 ch\u0119ci\u0105 pokonywania pozornie niemo\u017cliwych do przebrni\u0119cia barier.  Sam fakt obcowania z tymi majestatycznymi stworzeniami uczy pewno\u015bci siebie i budzi dum\u0119, kt\u00f3ra jest motorem nap\u0119dowym do pokonywania kolejnych barier.  <br>Pracuj\u0105c z ko\u0144mi pacjentom mo\u017ce by\u0107 \u0142atwiej wychodzi\u0107 poza dotychczasow\u0105 stref\u0119 komfortu: pokonywa\u0107 l\u0119ki, budowa\u0107 wi\u0119zi, wyra\u017ca\u0107 swoje emocje, komunikowa\u0107 si\u0119 z otoczeniem i skupia\u0107 si\u0119. <br>Specyficzny ch\u00f3d konia pozwala odczuwa\u0107 ko\u0142ysanie typowe dla chodu ludzkiego za\u015b potrzeba sta\u0142ego utrzymywania r\u00f3wnowagi wzmacnia wszystkie partie mi\u0119\u015bni. <br>Ko\u0144 to tak\u017ce nieocenione \u017cr\u00f3d\u0142o bod\u017ac\u00f3w dotykowych, zapachowych i ruchowych.<br>Rehabilitacja poprzez hipoterapi\u0119 pomaga nie tylko dzieciom zmagaj\u0105cym si\u0119 z dezintegracj\u0105 sensoryczn\u0105, ADHD, autyzmem, zespo\u0142em Downa czy pora\u017ceniem m\u00f3zgowym, ale tak\u017ce z nieprawid\u0142owym wzorcem chodu czy po amputacjach.<br>Konie pomagaj\u0105.<\/p>\n<\/div>\n\n\n\n<div class=\"wp-block-column is-layout-flow wp-block-column-is-layout-flow\" style=\"flex-basis:33.33%\">\n<figure class=\"wp-block-image size-large is-resized\"><img loading=\"lazy\" decoding=\"async\" src=\"https:\/\/ihahatherapy.com\/wp-content\/uploads\/2021\/09\/POST-NA-FB-KWADRAT-1024x1024.jpg\" alt=\"\" class=\"wp-image-233\" width=\"403\" height=\"403\" srcset=\"https:\/\/ihahatherapy.com\/wp-content\/uploads\/2021\/09\/POST-NA-FB-KWADRAT-1024x1024.jpg 1024w, https:\/\/ihahatherapy.com\/wp-content\/uploads\/2021\/09\/POST-NA-FB-KWADRAT-300x300.jpg 300w, https:\/\/ihahatherapy.com\/wp-content\/uploads\/2021\/09\/POST-NA-FB-KWADRAT-150x150.jpg 150w, https:\/\/ihahatherapy.com\/wp-content\/uploads\/2021\/09\/POST-NA-FB-KWADRAT-768x768.jpg 768w, https:\/\/ihahatherapy.com\/wp-content\/uploads\/2021\/09\/POST-NA-FB-KWADRAT.jpg 1200w\" sizes=\"(max-width: 403px) 100vw, 403px\" \/><\/figure>\n<\/div>\n<\/div>\n\n\n\n<figure class=\"wp-block-coblocks-gallery-masonry masonry-grid has-medium-gutter\">\n<figure class=\"wp-block-image size-large masonry-brick\"><img loading=\"lazy\" decoding=\"async\" width=\"1024\" height=\"1024\" src=\"https:\/\/ihahatherapy.com\/wp-content\/uploads\/2021\/08\/D3D79178-4825-48FF-B356-EF8AE6DCF1D7-1024x1024.jpg\" alt=\"Image gallery image\" class=\"wp-image-202\" srcset=\"https:\/\/ihahatherapy.com\/wp-content\/uploads\/2021\/08\/D3D79178-4825-48FF-B356-EF8AE6DCF1D7-1024x1024.jpg 1024w, https:\/\/ihahatherapy.com\/wp-content\/uploads\/2021\/08\/D3D79178-4825-48FF-B356-EF8AE6DCF1D7-300x300.jpg 300w, https:\/\/ihahatherapy.com\/wp-content\/uploads\/2021\/08\/D3D79178-4825-48FF-B356-EF8AE6DCF1D7-150x150.jpg 150w, https:\/\/ihahatherapy.com\/wp-content\/uploads\/2021\/08\/D3D79178-4825-48FF-B356-EF8AE6DCF1D7-768x768.jpg 768w, https:\/\/ihahatherapy.com\/wp-content\/uploads\/2021\/08\/D3D79178-4825-48FF-B356-EF8AE6DCF1D7-1536x1536.jpg 1536w, https:\/\/ihahatherapy.com\/wp-content\/uploads\/2021\/08\/D3D79178-4825-48FF-B356-EF8AE6DCF1D7-2048x2048.jpg 2048w\" sizes=\"(max-width: 1024px) 100vw, 1024px\" \/><\/figure>\n\n\n\n<figure class=\"wp-block-image size-large masonry-brick\"><img loading=\"lazy\" decoding=\"async\" width=\"1024\" height=\"1024\" src=\"https:\/\/ihahatherapy.com\/wp-content\/uploads\/2021\/09\/2-POST-1024x1024.jpg\" alt=\"Image gallery image\" class=\"wp-image-237\" srcset=\"https:\/\/ihahatherapy.com\/wp-content\/uploads\/2021\/09\/2-POST-1024x1024.jpg 1024w, https:\/\/ihahatherapy.com\/wp-content\/uploads\/2021\/09\/2-POST-300x300.jpg 300w, https:\/\/ihahatherapy.com\/wp-content\/uploads\/2021\/09\/2-POST-150x150.jpg 150w, https:\/\/ihahatherapy.com\/wp-content\/uploads\/2021\/09\/2-POST-768x768.jpg 768w, https:\/\/ihahatherapy.com\/wp-content\/uploads\/2021\/09\/2-POST.jpg 1200w\" sizes=\"(max-width: 1024px) 100vw, 1024px\" \/><\/figure>\n\n\n\n<figure class=\"wp-block-image size-large masonry-brick\"><img loading=\"lazy\" decoding=\"async\" width=\"1024\" height=\"1024\" src=\"https:\/\/ihahatherapy.com\/wp-content\/uploads\/2021\/09\/3-post-01-1024x1024.png\" alt=\"Image gallery image\" class=\"wp-image-232\" srcset=\"https:\/\/ihahatherapy.com\/wp-content\/uploads\/2021\/09\/3-post-01-1024x1024.png 1024w, https:\/\/ihahatherapy.com\/wp-content\/uploads\/2021\/09\/3-post-01-300x300.png 300w, https:\/\/ihahatherapy.com\/wp-content\/uploads\/2021\/09\/3-post-01-150x150.png 150w, https:\/\/ihahatherapy.com\/wp-content\/uploads\/2021\/09\/3-post-01-768x768.png 768w, https:\/\/ihahatherapy.com\/wp-content\/uploads\/2021\/09\/3-post-01-1536x1536.png 1536w, https:\/\/ihahatherapy.com\/wp-content\/uploads\/2021\/09\/3-post-01-2048x2048.png 2048w\" sizes=\"(max-width: 1024px) 100vw, 1024px\" \/><\/figure>\n\n\n\n<figure class=\"wp-block-image size-large masonry-brick\"><img loading=\"lazy\" decoding=\"async\" width=\"768\" height=\"1024\" src=\"https:\/\/ihahatherapy.com\/wp-content\/uploads\/2021\/08\/IMG_7807-768x1024.jpg\" alt=\"Image gallery image\" class=\"wp-image-201\" srcset=\"https:\/\/ihahatherapy.com\/wp-content\/uploads\/2021\/08\/IMG_7807-768x1024.jpg 768w, https:\/\/ihahatherapy.com\/wp-content\/uploads\/2021\/08\/IMG_7807-225x300.jpg 225w, https:\/\/ihahatherapy.com\/wp-content\/uploads\/2021\/08\/IMG_7807-1152x1536.jpg 1152w, https:\/\/ihahatherapy.com\/wp-content\/uploads\/2021\/08\/IMG_7807-1536x2048.jpg 1536w, https:\/\/ihahatherapy.com\/wp-content\/uploads\/2021\/08\/IMG_7807-scaled.jpg 1920w\" sizes=\"(max-width: 768px) 100vw, 768px\" \/><\/figure>\n\n\n\n<figure class=\"wp-block-image size-large masonry-brick\"><img loading=\"lazy\" decoding=\"async\" width=\"768\" height=\"1024\" src=\"https:\/\/ihahatherapy.com\/wp-content\/uploads\/2021\/08\/IMG_8777-768x1024.jpg\" alt=\"Image gallery image\" class=\"wp-image-195\" srcset=\"https:\/\/ihahatherapy.com\/wp-content\/uploads\/2021\/08\/IMG_8777-768x1024.jpg 768w, https:\/\/ihahatherapy.com\/wp-content\/uploads\/2021\/08\/IMG_8777-225x300.jpg 225w, https:\/\/ihahatherapy.com\/wp-content\/uploads\/2021\/08\/IMG_8777-1152x1536.jpg 1152w, https:\/\/ihahatherapy.com\/wp-content\/uploads\/2021\/08\/IMG_8777-1536x2048.jpg 1536w, https:\/\/ihahatherapy.com\/wp-content\/uploads\/2021\/08\/IMG_8777-scaled.jpg 1920w\" sizes=\"(max-width: 768px) 100vw, 768px\" \/><\/figure>\n<\/figure>\n","protected":false},"excerpt":{"rendered":"<p>to ko\u0144 czyni wszystko \u0142atwiejszym\u2026 Konie to bardzo wra\u017cliwe i empatyczne zwierz\u0119ta. Potrafi\u0105 nawi\u0105za\u0107 unikaln\u0105 relacj\u0119 i zarazi\u0107 ch\u0119ci\u0105 pokonywania pozornie niemo\u017cliwych do przebrni\u0119cia barier. Sam fakt obcowania z tymi majestatycznymi stworzeniami uczy pewno\u015bci siebie i budzi dum\u0119, kt\u00f3ra jest motorem nap\u0119dowym do pokonywania kolejnych barier. Pracuj\u0105c z ko\u0144mi pacjentom mo\u017ce by\u0107 \u0142atwiej wychodzi\u0107 poza&hellip;&nbsp;<a href=\"https:\/\/ihahatherapy.com\/index.php\/hipoterapia\/\" rel=\"bookmark\">Czytaj dalej &raquo;<span class=\"screen-reader-text\"><\/span><\/a><\/p>\n","protected":false},"author":1,"featured_media":0,"parent":0,"menu_order":0,"comment_status":"closed","ping_status":"closed","template":"","meta":{"_coblocks_attr":"","_coblocks_dimensions":"","_coblocks_responsive_height":"","_coblocks_accordion_ie_support":"","neve_meta_sidebar":"","neve_meta_container":"","neve_meta_enable_content_width":"","neve_meta_content_width":0,"neve_meta_title_alignment":"","neve_meta_author_avatar":"","neve_post_elements_order":"","neve_meta_disable_header":"","neve_meta_disable_footer":"","neve_meta_disable_title":"","footnotes":""},"class_list":["post-164","page","type-page","status-publish","hentry"],"_links":{"self":[{"href":"https:\/\/ihahatherapy.com\/index.php\/wp-json\/wp\/v2\/pages\/164"}],"collection":[{"href":"https:\/\/ihahatherapy.com\/index.php\/wp-json\/wp\/v2\/pages"}],"about":[{"href":"https:\/\/ihahatherapy.com\/index.php\/wp-json\/wp\/v2\/types\/page"}],"author":[{"embeddable":true,"href":"https:\/\/ihahatherapy.com\/index.php\/wp-json\/wp\/v2\/users\/1"}],"replies":[{"embeddable":true,"href":"https:\/\/ihahatherapy.com\/index.php\/wp-json\/wp\/v2\/comments?post=164"}],"version-history":[{"count":23,"href":"https:\/\/ihahatherapy.com\/index.php\/wp-json\/wp\/v2\/pages\/164\/revisions"}],"predecessor-version":[{"id":493,"href":"https:\/\/ihahatherapy.com\/index.php\/wp-json\/wp\/v2\/pages\/164\/revisions\/493"}],"wp:attachment":[{"href":"https:\/\/ihahatherapy.com\/index.php\/wp-json\/wp\/v2\/media?parent=164"}],"curies":[{"name":"wp","href":"https:\/\/api.w.org\/{rel}","templated":true}]}}