{"id":166,"date":"2021-07-28T10:00:12","date_gmt":"2021-07-28T10:00:12","guid":{"rendered":"https:\/\/ihahatherapy.com\/?page_id=166"},"modified":"2022-09-28T08:24:32","modified_gmt":"2022-09-28T08:24:32","slug":"konie","status":"publish","type":"page","link":"https:\/\/ihahatherapy.com\/index.php\/konie\/","title":{"rendered":""},"content":{"rendered":"\n<p><\/p>\n\n\n\n<h3 class=\"wp-block-heading\">regulamin i cennik<\/h3>\n\n\n\n<p>Jazda konna to sport wymagaj\u0105cy dyscypliny i okre\u015blonego zachowania, To sport bazuj\u0105cy na relacji z \u017cywymi istotami, kt\u00f3re mog\u0105 zaskoczy\u0107 swym zachowaniem. Dlatego, poza rado\u015bci\u0105 jak\u0105 daje, trzeba tak\u017ce by\u0107 \u015bwiadomym zagro\u017ce\u0144 jakie ze sob\u0105 niesie oraz pozna\u0107 zachowania, dzi\u0119ki kt\u00f3rym zwi\u0119ksza si\u0119 bezpiecze\u0144stwo obcowania z tymi wspania\u0142ymi zwierz\u0119tami. Regulamin tak\u017ce wyja\u015bnia kwestie organizacyjne.<\/p>\n\n\n\n<p>Mi\u0142ej lektury.<\/p>\n\n\n\n<div class=\"wp-block-group\"><div class=\"wp-block-group__inner-container is-layout-flow wp-block-group-is-layout-flow\">\n<div class=\"wp-block-buttons is-horizontal is-content-justification-center is-layout-flex wp-container-core-buttons-is-layout-1 wp-block-buttons-is-layout-flex\"><\/div>\n<\/div><\/div>\n\n\n\n<div class=\"wp-block-group\"><div class=\"wp-block-group__inner-container is-layout-flow wp-block-group-is-layout-flow\">\n<div data-wp-interactive=\"core\/file\" class=\"wp-block-file alignleft\"><object data-wp-bind--hidden=\"!state.hasPdfPreview\"  class=\"wp-block-file__embed\" data=\"https:\/\/ihahatherapy.com\/wp-content\/uploads\/2022\/03\/IHAHA-THERAPY-regulamin-2022.pdf\" type=\"application\/pdf\" style=\"width:100%;height:600px\" aria-label=\"Osadzone z Osadzone z IHAHA-THERAPY-regulamin-2022..\"><\/object><a id=\"wp-block-file--media-9967468d-b1a3-4bd3-9304-999e6079a86a\" href=\"https:\/\/ihahatherapy.com\/wp-content\/uploads\/2022\/03\/IHAHA-THERAPY-regulamin-2022.pdf\">IHAHA-THERAPY-regulamin-2022<\/a><a href=\"https:\/\/ihahatherapy.com\/wp-content\/uploads\/2022\/03\/IHAHA-THERAPY-regulamin-2022.pdf\" class=\"wp-block-file__button\" download aria-describedby=\"wp-block-file--media-9967468d-b1a3-4bd3-9304-999e6079a86a\">Pobierz<\/a><\/div>\n<\/div><\/div>\n\n\n\n<div data-wp-interactive=\"core\/file\" class=\"wp-block-file alignleft\"><object data-wp-bind--hidden=\"!state.hasPdfPreview\"  class=\"wp-block-file__embed\" data=\"https:\/\/ihahatherapy.com\/wp-content\/uploads\/2022\/09\/IHAHA-THERAPY-cennik-20222023.pdf\" type=\"application\/pdf\" style=\"width:100%;height:600px\" aria-label=\"Osadzone z Osadzone z IHAHA-THERAPY-cennik-20222023..\"><\/object><a id=\"wp-block-file--media-86605a07-9f53-49d8-852a-196cda3fc23c\" href=\"https:\/\/ihahatherapy.com\/wp-content\/uploads\/2022\/09\/IHAHA-THERAPY-cennik-20222023.pdf\">IHAHA-THERAPY-cennik-20222023<\/a><a href=\"https:\/\/ihahatherapy.com\/wp-content\/uploads\/2022\/09\/IHAHA-THERAPY-cennik-20222023.pdf\" class=\"wp-block-file__button\" download aria-describedby=\"wp-block-file--media-86605a07-9f53-49d8-852a-196cda3fc23c\">Pobierz<\/a><\/div>\n","protected":false},"excerpt":{"rendered":"<p>regulamin i cennik Jazda konna to sport wymagaj\u0105cy dyscypliny i okre\u015blonego zachowania, To sport bazuj\u0105cy na relacji z \u017cywymi istotami, kt\u00f3re mog\u0105 zaskoczy\u0107 swym zachowaniem. Dlatego, poza rado\u015bci\u0105 jak\u0105 daje, trzeba tak\u017ce by\u0107 \u015bwiadomym zagro\u017ce\u0144 jakie ze sob\u0105 niesie oraz pozna\u0107 zachowania, dzi\u0119ki kt\u00f3rym zwi\u0119ksza si\u0119 bezpiecze\u0144stwo obcowania z tymi wspania\u0142ymi zwierz\u0119tami. Regulamin tak\u017ce wyja\u015bnia&hellip;&nbsp;<a href=\"https:\/\/ihahatherapy.com\/index.php\/konie\/\" rel=\"bookmark\">Czytaj dalej &raquo;<span class=\"screen-reader-text\"><\/span><\/a><\/p>\n","protected":false},"author":1,"featured_media":0,"parent":0,"menu_order":0,"comment_status":"closed","ping_status":"closed","template":"","meta":{"_coblocks_attr":"","_coblocks_dimensions":"","_coblocks_responsive_height":"","_coblocks_accordion_ie_support":"","neve_meta_sidebar":"","neve_meta_container":"","neve_meta_enable_content_width":"","neve_meta_content_width":0,"neve_meta_title_alignment":"","neve_meta_author_avatar":"","neve_post_elements_order":"","neve_meta_disable_header":"","neve_meta_disable_footer":"","neve_meta_disable_title":"","footnotes":""},"class_list":["post-166","page","type-page","status-publish","hentry"],"_links":{"self":[{"href":"https:\/\/ihahatherapy.com\/index.php\/wp-json\/wp\/v2\/pages\/166"}],"collection":[{"href":"https:\/\/ihahatherapy.com\/index.php\/wp-json\/wp\/v2\/pages"}],"about":[{"href":"https:\/\/ihahatherapy.com\/index.php\/wp-json\/wp\/v2\/types\/page"}],"author":[{"embeddable":true,"href":"https:\/\/ihahatherapy.com\/index.php\/wp-json\/wp\/v2\/users\/1"}],"replies":[{"embeddable":true,"href":"https:\/\/ihahatherapy.com\/index.php\/wp-json\/wp\/v2\/comments?post=166"}],"version-history":[{"count":12,"href":"https:\/\/ihahatherapy.com\/index.php\/wp-json\/wp\/v2\/pages\/166\/revisions"}],"predecessor-version":[{"id":318,"href":"https:\/\/ihahatherapy.com\/index.php\/wp-json\/wp\/v2\/pages\/166\/revisions\/318"}],"wp:attachment":[{"href":"https:\/\/ihahatherapy.com\/index.php\/wp-json\/wp\/v2\/media?parent=166"}],"curies":[{"name":"wp","href":"https:\/\/api.w.org\/{rel}","templated":true}]}}