{"id":62,"date":"2021-07-26T09:28:06","date_gmt":"2021-07-26T09:28:06","guid":{"rendered":"https:\/\/ihahatherapy.com\/?page_id=62"},"modified":"2023-02-01T21:38:13","modified_gmt":"2023-02-01T21:38:13","slug":"czy-wiesz-ze-kazdy-czas-spedzany-z-koniem-to-terpia-dla-ciala-i-duszy-tak-tak-wlasnie-jest-relacja-i-praca-z-koniem-to-rozwoj-emocjonalny-i-fizyczny-to-pokonywanie-wlasnych-granic-poszerzanie","status":"publish","type":"page","link":"https:\/\/ihahatherapy.com\/","title":{"rendered":""},"content":{"rendered":"\n<div class=\"wp-block-group\"><div class=\"wp-block-group__inner-container is-layout-flow wp-block-group-is-layout-flow\">\n<p><\/p>\n\n\n\n<h2 class=\"has-text-align-left has-custom-lineheight wp-block-heading\" style=\"line-height:1;font-size:23px\"><br><strong>&#8230;bo ka\u017cdy kontakt z koniem to terapia.<\/strong><\/h2>\n\n\n\n<p class=\"has-text-align-left\"><br>Relacja i praca z tymi zwierz\u0119tami to rozw\u00f3j emocjonalny i fizyczny, to pokonywanie w\u0142asnych granic, poszerzanie samo\u015bwiadomo\u015bci, \u0107wiczenie empatii i dyscypliny. To czas kiedy wszystko zostaje w tyle, a liczy si\u0119 tylko  tu i teraz. Bez wzgl\u0119du na to czy uczysz si\u0119 je\u017adzi\u0107 czy korzystasz z zaj\u0119\u0107 hipoterapii, zawsze podlegasz niezwyk\u0142ej mocy porozumienia z koniem.<\/p>\n\n\n\n<p class=\"has-text-align-right\">Do\u0142\u0105cz do nas i odkrywaj \u015bwiat na nowo.<\/p>\n<\/div><\/div>\n\n\n\n<div aria-label=\"Carousel Gallery\" class=\"wp-block-coblocks-gallery-carousel\"><div class=\"coblocks-gallery-carousel-swiper-container is-cropped coblocks-gallery has-no-alignment has-caption-style-dark has-horizontal-gutter has-no-thumbnails\"><div class=\"has-carousel has-carousel-lrg swiper-container has-responsive-height\" data-swiper=\"{&quot;alignCells&quot;:false,&quot;autoPlay&quot;:false,&quot;autoPlaySpeed&quot;:3000,&quot;draggable&quot;:true,&quot;freeScroll&quot;:false,&quot;loop&quot;:false,&quot;navigation&quot;:true,&quot;pageDots&quot;:false,&quot;pauseHover&quot;:false,&quot;responsiveHeight&quot;:true,&quot;slidesPerView&quot;:2,&quot;thumbnails&quot;:false,&quot;uuid&quot;:&quot;12345&quot;}\" id=\"12345\" style=\"height:380px\"><div class=\"swiper-wrapper\"><div class=\"swiper-slide\"><div class=\"coblocks-gallery--item\" role=\"button\" tabindex=\"0\"><figure class=\"coblocks-gallery--figure has-margin-left-10 has-margin-left-mobile-5 has-margin-right-10 has-margin-right-mobile-5\"><img loading=\"lazy\" decoding=\"async\" width=\"1024\" height=\"1024\" alt=\"\" class=\"wp-image-202\" data-id=\"202\" data-link=\"https:\/\/ihahatherapy.com\/index.php\/hipoterapia\/d3d79178-4825-48ff-b356-ef8ae6dcf1d7\/\" src=\"https:\/\/ihahatherapy.com\/wp-content\/uploads\/2021\/08\/D3D79178-4825-48FF-B356-EF8AE6DCF1D7-1024x1024.jpg\" srcset=\"https:\/\/ihahatherapy.com\/wp-content\/uploads\/2021\/08\/D3D79178-4825-48FF-B356-EF8AE6DCF1D7-1024x1024.jpg 1024w, https:\/\/ihahatherapy.com\/wp-content\/uploads\/2021\/08\/D3D79178-4825-48FF-B356-EF8AE6DCF1D7-300x300.jpg 300w, https:\/\/ihahatherapy.com\/wp-content\/uploads\/2021\/08\/D3D79178-4825-48FF-B356-EF8AE6DCF1D7-150x150.jpg 150w, https:\/\/ihahatherapy.com\/wp-content\/uploads\/2021\/08\/D3D79178-4825-48FF-B356-EF8AE6DCF1D7-768x768.jpg 768w, https:\/\/ihahatherapy.com\/wp-content\/uploads\/2021\/08\/D3D79178-4825-48FF-B356-EF8AE6DCF1D7-1536x1536.jpg 1536w, https:\/\/ihahatherapy.com\/wp-content\/uploads\/2021\/08\/D3D79178-4825-48FF-B356-EF8AE6DCF1D7-2048x2048.jpg 2048w\" sizes=\"(max-width: 1024px) 100vw, 1024px\" \/><\/figure><figcaption class=\"coblocks-gallery--caption coblocks-gallery--primary-caption\"><\/figcaption><\/div><\/div><div class=\"swiper-slide\"><div class=\"coblocks-gallery--item\" role=\"button\" tabindex=\"1\"><figure class=\"coblocks-gallery--figure has-margin-left-10 has-margin-left-mobile-5 has-margin-right-10 has-margin-right-mobile-5\"><img loading=\"lazy\" decoding=\"async\" width=\"960\" height=\"960\" alt=\"\" class=\"wp-image-294\" data-id=\"294\" data-link=\"https:\/\/ihahatherapy.com\/index.php\/czy-wiesz-ze-kazdy-czas-spedzany-z-koniem-to-terpia-dla-ciala-i-duszy-tak-tak-wlasnie-jest-relacja-i-praca-z-koniem-to-rozwoj-emocjonalny-i-fizyczny-to-pokonywanie-wlasnych-granic-poszerzanie\/169068759_215614073658213_5342145126236342348_n\/\" src=\"https:\/\/ihahatherapy.com\/wp-content\/uploads\/2022\/07\/169068759_215614073658213_5342145126236342348_n.jpeg\" srcset=\"https:\/\/ihahatherapy.com\/wp-content\/uploads\/2022\/07\/169068759_215614073658213_5342145126236342348_n.jpeg 960w, https:\/\/ihahatherapy.com\/wp-content\/uploads\/2022\/07\/169068759_215614073658213_5342145126236342348_n-300x300.jpeg 300w, https:\/\/ihahatherapy.com\/wp-content\/uploads\/2022\/07\/169068759_215614073658213_5342145126236342348_n-150x150.jpeg 150w, https:\/\/ihahatherapy.com\/wp-content\/uploads\/2022\/07\/169068759_215614073658213_5342145126236342348_n-768x768.jpeg 768w\" sizes=\"(max-width: 960px) 100vw, 960px\" \/><\/figure><figcaption class=\"coblocks-gallery--caption coblocks-gallery--primary-caption\"><\/figcaption><\/div><\/div><div class=\"swiper-slide\"><div class=\"coblocks-gallery--item\" role=\"button\" tabindex=\"2\"><figure class=\"coblocks-gallery--figure has-margin-left-10 has-margin-left-mobile-5 has-margin-right-10 has-margin-right-mobile-5\"><img loading=\"lazy\" decoding=\"async\" width=\"1024\" height=\"682\" alt=\"\" class=\"wp-image-199\" data-id=\"199\" data-link=\"https:\/\/ihahatherapy.com\/index.php\/hipoterapia\/img_6987\/\" src=\"https:\/\/ihahatherapy.com\/wp-content\/uploads\/2021\/08\/IMG_6987-1024x682.jpg\" srcset=\"https:\/\/ihahatherapy.com\/wp-content\/uploads\/2021\/08\/IMG_6987-1024x682.jpg 1024w, https:\/\/ihahatherapy.com\/wp-content\/uploads\/2021\/08\/IMG_6987-300x200.jpg 300w, https:\/\/ihahatherapy.com\/wp-content\/uploads\/2021\/08\/IMG_6987-768x512.jpg 768w, https:\/\/ihahatherapy.com\/wp-content\/uploads\/2021\/08\/IMG_6987-1536x1024.jpg 1536w, https:\/\/ihahatherapy.com\/wp-content\/uploads\/2021\/08\/IMG_6987-2048x1365.jpg 2048w, https:\/\/ihahatherapy.com\/wp-content\/uploads\/2021\/08\/IMG_6987-930x620.jpg 930w\" sizes=\"(max-width: 1024px) 100vw, 1024px\" \/><\/figure><figcaption class=\"coblocks-gallery--caption coblocks-gallery--primary-caption\"><\/figcaption><\/div><\/div><\/div><button class=\"nav-button__prev\" id=\"12345-prev\"><svg class=\"icon\" style=\"transform:rotate(180deg)\"><\/svg><\/button><button class=\"nav-button__next\" id=\"12345-next\"><svg class=\"icon\"><\/svg><\/button><\/div><\/div><\/div>\n\n\n\n<p><\/p>\n","protected":false},"excerpt":{"rendered":"<p>&#8230;bo ka\u017cdy kontakt z koniem to terapia. Relacja i praca z tymi zwierz\u0119tami to rozw\u00f3j emocjonalny i fizyczny, to pokonywanie w\u0142asnych granic, poszerzanie samo\u015bwiadomo\u015bci, \u0107wiczenie empatii i dyscypliny. To czas kiedy wszystko zostaje w tyle, a liczy si\u0119 tylko tu i teraz. Bez wzgl\u0119du na to czy uczysz si\u0119 je\u017adzi\u0107 czy korzystasz z zaj\u0119\u0107 hipoterapii,&hellip;&nbsp;<a href=\"https:\/\/ihahatherapy.com\/\" rel=\"bookmark\">Czytaj dalej &raquo;<span class=\"screen-reader-text\"><\/span><\/a><\/p>\n","protected":false},"author":1,"featured_media":38,"parent":0,"menu_order":0,"comment_status":"closed","ping_status":"closed","template":"","meta":{"_coblocks_attr":"","_coblocks_dimensions":"","_coblocks_responsive_height":"","_coblocks_accordion_ie_support":"","neve_meta_sidebar":"","neve_meta_container":"","neve_meta_enable_content_width":"","neve_meta_content_width":0,"neve_meta_title_alignment":"","neve_meta_author_avatar":"","neve_post_elements_order":"","neve_meta_disable_header":"","neve_meta_disable_footer":"","neve_meta_disable_title":"","footnotes":""},"class_list":["post-62","page","type-page","status-publish","has-post-thumbnail","hentry"],"_links":{"self":[{"href":"https:\/\/ihahatherapy.com\/index.php\/wp-json\/wp\/v2\/pages\/62"}],"collection":[{"href":"https:\/\/ihahatherapy.com\/index.php\/wp-json\/wp\/v2\/pages"}],"about":[{"href":"https:\/\/ihahatherapy.com\/index.php\/wp-json\/wp\/v2\/types\/page"}],"author":[{"embeddable":true,"href":"https:\/\/ihahatherapy.com\/index.php\/wp-json\/wp\/v2\/users\/1"}],"replies":[{"embeddable":true,"href":"https:\/\/ihahatherapy.com\/index.php\/wp-json\/wp\/v2\/comments?post=62"}],"version-history":[{"count":46,"href":"https:\/\/ihahatherapy.com\/index.php\/wp-json\/wp\/v2\/pages\/62\/revisions"}],"predecessor-version":[{"id":492,"href":"https:\/\/ihahatherapy.com\/index.php\/wp-json\/wp\/v2\/pages\/62\/revisions\/492"}],"wp:featuredmedia":[{"embeddable":true,"href":"https:\/\/ihahatherapy.com\/index.php\/wp-json\/wp\/v2\/media\/38"}],"wp:attachment":[{"href":"https:\/\/ihahatherapy.com\/index.php\/wp-json\/wp\/v2\/media?parent=62"}],"curies":[{"name":"wp","href":"https:\/\/api.w.org\/{rel}","templated":true}]}}